{"id":78,"date":"2020-01-17T08:25:57","date_gmt":"2020-01-17T08:25:57","guid":{"rendered":"http:\/\/manuelammann.ch\/?page_id=78"},"modified":"2023-09-12T09:44:27","modified_gmt":"2023-09-12T07:44:27","slug":"teaching","status":"publish","type":"page","link":"http:\/\/manuelammann.ch\/de\/teaching\/","title":{"rendered":"Lehre"},"content":{"rendered":"<h2 class=\"wp-block-heading\">Lehrveranstaltungen unterrichtet an der Universit\u00e4t St. Gallen:<\/h2>\n\n\n\n<ul>\n<li>10.282.1 Topics in Asset Management (Ph.D. in Finance)<\/li>\n\n\n\n<li>8,152,1 Derivatives (MBF)<\/li>\n\n\n\n<li>7,150,1 Financial Markets (MBF)<\/li>\n\n\n\n<li>8.194,1 Derivatives Modeling in Excel VBA (MBF)<\/li>\n\n\n\n<li>8,184,1 Practical Seminar (MBF)<\/li>\n\n\n\n<li>8.174,1 Financial Modeling Workshop: Asset Allocation (MBF)<\/li>\n\n\n\n<li>8,186,3 Research Seminar in Finance (MBF)<\/li>\n\n\n\n<li>6,143,1 Investments (Bachelor)<\/li>\n\n\n\n<li>7,462,1 Economic and Legal Analysis of Financial Insturments (MLE)<\/li>\n<\/ul>\n\n\n\n<h2 class=\"wp-block-heading\">Vormalige Lehrveranstaltungen unterrichtet an der Universit\u00e4t St. Gallen<\/h2>\n\n\n\n<ul>\n<li>Research Seminar in Alternative Investments (MBF)<\/li>\n\n\n\n<li>Financial Markets and Financial Intermediaries (MLE)<\/li>\n\n\n\n<li>Futures and Options (Full-Time MBA)<\/li>\n\n\n\n<li>Fundamentals of Finance (Full-Time MBA)<\/li>\n\n\n\n<li>Derivative Instruments (MBF)<\/li>\n\n\n\n<li>Valuation of Derivatives (MBF)<\/li>\n\n\n\n<li>Financial Modeling Workshop (MBF)<\/li>\n\n\n\n<li>Research Seminar in Portfolio Management (MBF)<\/li>\n\n\n\n<li>Derivative Markets (MiQE\/F)<\/li>\n\n\n\n<li>Corporate Finance (Executive MBA)<\/li>\n\n\n\n<li>Theory of Finance (MBF)<\/li>\n\n\n\n<li>Derivatives (Ph.D. in Finance)<\/li>\n\n\n\n<li>Capital Market Theory (B.A. in Econonmics)<\/li>\n\n\n\n<li>International Finance (M.A.)<\/li>\n\n\n\n<li>Futures Markets (M.A.)<\/li>\n\n\n\n<li>International Financial Markets and Corporate Governance (B.A.)<\/li>\n<\/ul>\n\n\n\n<p><\/p>","protected":false},"excerpt":{"rendered":"<p>Courses recently taught at the University of St. Gallen: Courses previously taught at the University of St. Gallen:<\/p>","protected":false},"author":1,"featured_media":0,"parent":0,"menu_order":0,"comment_status":"closed","ping_status":"closed","template":"","meta":{"_uag_custom_page_level_css":"","_lmt_disableupdate":"no","_lmt_disable":"","footnotes":""},"uagb_featured_image_src":{"full":false,"thumbnail":false,"medium":false,"medium_large":false,"large":false,"1536x1536":false,"2048x2048":false,"trp-custom-language-flag":false},"uagb_author_info":{"display_name":"Manuel Ammann","author_link":"http:\/\/manuelammann.ch\/de\/author\/mammann\/"},"uagb_comment_info":0,"uagb_excerpt":"Courses recently taught at the University of St. Gallen: Courses previously taught at the University of St. Gallen:","yoast_head":"<!-- This site is optimized with the Yoast SEO plugin v15.7 - https:\/\/yoast.com\/wordpress\/plugins\/seo\/ -->\n<title>Homepage Prof. Manuel Ammann &ndash; Universit\u00e4t St. Gallen<\/title>\n<meta name=\"description\" content=\"Professor f\u00fcr Finanzen an der Universit\u00e4t St. Gallen, Direktor am Schweizerischen Institut f\u00fcr Banken und Finanzen, Akademischer Direktor des MBF\" \/>\n<meta name=\"robots\" content=\"index, follow, max-snippet:-1, max-image-preview:large, max-video-preview:-1\" \/>\n<link rel=\"canonical\" href=\"http:\/\/manuelammann.ch\/de\/teaching\/\" \/>\n<meta property=\"og:locale\" content=\"de_DE\" \/>\n<meta property=\"og:type\" content=\"article\" \/>\n<meta property=\"og:title\" content=\"Homepage Prof. Manuel Ammann &ndash; Universit\u00e4t St. Gallen\" \/>\n<meta property=\"og:description\" content=\"Professor f\u00fcr Finanzen an der Universit\u00e4t St. Gallen, Direktor am Schweizerischen Institut f\u00fcr Banken und Finanzen, Akademischer Direktor des MBF\" \/>\n<meta property=\"og:url\" content=\"http:\/\/manuelammann.ch\/de\/teaching\/\" \/>\n<meta property=\"og:site_name\" content=\"Manuel Ammann\" \/>\n<meta property=\"article:modified_time\" content=\"2023-09-12T07:44:27+00:00\" \/>\n<meta name=\"twitter:card\" content=\"summary_large_image\" \/>\n<meta name=\"twitter:label1\" content=\"Est. reading time\">\n\t<meta name=\"twitter:data1\" content=\"1 Minute\">\n<script type=\"application\/ld+json\" class=\"yoast-schema-graph\">{\"@context\":\"https:\/\/schema.org\",\"@graph\":[{\"@type\":[\"Person\",\"Organization\"],\"@id\":\"http:\/\/manuelammann.ch\/#\/schema\/person\/b0c9ed93aaef8995e6b4e07ea1553c63\",\"name\":\"Manuel Ammann\",\"image\":{\"@type\":\"ImageObject\",\"@id\":\"http:\/\/manuelammann.ch\/#personlogo\",\"inLanguage\":\"de-CH\",\"url\":\"http:\/\/2.gravatar.com\/avatar\/2f12b3134a404751af7860a437fde880?s=96&d=mm&r=g\",\"caption\":\"Manuel Ammann\"},\"logo\":{\"@id\":\"http:\/\/manuelammann.ch\/#personlogo\"},\"sameAs\":[\"http:\/\/manuelammann.ch\",\"https:\/\/de.wikipedia.org\/wiki\/Manuel_Ammann\"]},{\"@type\":\"WebSite\",\"@id\":\"http:\/\/manuelammann.ch\/#website\",\"url\":\"http:\/\/manuelammann.ch\/\",\"name\":\"Manuel Ammann\",\"description\":\"Professor of Finance | University of St. Gallen\",\"publisher\":{\"@id\":\"http:\/\/manuelammann.ch\/#\/schema\/person\/b0c9ed93aaef8995e6b4e07ea1553c63\"},\"potentialAction\":[{\"@type\":\"SearchAction\",\"target\":\"http:\/\/manuelammann.ch\/?s={search_term_string}\",\"query-input\":\"required name=search_term_string\"}],\"inLanguage\":\"de-CH\"},{\"@type\":\"WebPage\",\"@id\":\"http:\/\/manuelammann.ch\/teaching\/#webpage\",\"url\":\"http:\/\/manuelammann.ch\/teaching\/\",\"name\":\"Homepage Prof. Manuel Ammann &ndash; Universit\\u00e4t St. Gallen\",\"isPartOf\":{\"@id\":\"http:\/\/manuelammann.ch\/#website\"},\"datePublished\":\"2020-01-17T08:25:57+00:00\",\"dateModified\":\"2023-09-12T07:44:27+00:00\",\"description\":\"Professor f\\u00fcr Finanzen an der Universit\\u00e4t St. Gallen, Direktor am Schweizerischen Institut f\\u00fcr Banken und Finanzen, Akademischer Direktor des MBF\",\"inLanguage\":\"de-CH\",\"potentialAction\":[{\"@type\":\"ReadAction\",\"target\":[\"http:\/\/manuelammann.ch\/teaching\/\"]}]}]}<\/script>\n<!-- \/ Yoast SEO plugin. -->","_links":{"self":[{"href":"http:\/\/manuelammann.ch\/de\/wp-json\/wp\/v2\/pages\/78"}],"collection":[{"href":"http:\/\/manuelammann.ch\/de\/wp-json\/wp\/v2\/pages"}],"about":[{"href":"http:\/\/manuelammann.ch\/de\/wp-json\/wp\/v2\/types\/page"}],"author":[{"embeddable":true,"href":"http:\/\/manuelammann.ch\/de\/wp-json\/wp\/v2\/users\/1"}],"replies":[{"embeddable":true,"href":"http:\/\/manuelammann.ch\/de\/wp-json\/wp\/v2\/comments?post=78"}],"version-history":[{"count":43,"href":"http:\/\/manuelammann.ch\/de\/wp-json\/wp\/v2\/pages\/78\/revisions"}],"predecessor-version":[{"id":717,"href":"http:\/\/manuelammann.ch\/de\/wp-json\/wp\/v2\/pages\/78\/revisions\/717"}],"wp:attachment":[{"href":"http:\/\/manuelammann.ch\/de\/wp-json\/wp\/v2\/media?parent=78"}],"curies":[{"name":"wp","href":"https:\/\/api.w.org\/{rel}","templated":true}]}}