{"id":528,"date":"2020-06-16T08:46:03","date_gmt":"2020-06-16T08:46:03","guid":{"rendered":"http:\/\/manuelammann.ch\/?page_id=528"},"modified":"2020-06-16T08:49:08","modified_gmt":"2020-06-16T08:49:08","slug":"language-sprache","status":"publish","type":"page","link":"http:\/\/manuelammann.ch\/de\/language-sprache\/","title":{"rendered":"Language"},"content":{"rendered":"<h2 class=\"has-text-align-center wp-block-heading\">Bitte w\u00e4hlen Sie eine Sprache aus dem Dropdown-Men\u00fc.<\/h2>","protected":false},"excerpt":{"rendered":"<p>Bitte w\u00e4hlen Sie eine Sprache aus dem Dropdown-Men\u00fc.<\/p>","protected":false},"author":1,"featured_media":0,"parent":0,"menu_order":0,"comment_status":"closed","ping_status":"closed","template":"","meta":{"_uag_custom_page_level_css":"","_lmt_disableupdate":"","_lmt_disable":"","footnotes":""},"uagb_featured_image_src":{"full":false,"thumbnail":false,"medium":false,"medium_large":false,"large":false,"1536x1536":false,"2048x2048":false,"trp-custom-language-flag":false},"uagb_author_info":{"display_name":"Manuel Ammann","author_link":"http:\/\/manuelammann.ch\/de\/author\/mammann\/"},"uagb_comment_info":0,"uagb_excerpt":"Please choose a language from the dropdown menu.","yoast_head":"<!-- This site is optimized with the Yoast SEO plugin v15.7 - https:\/\/yoast.com\/wordpress\/plugins\/seo\/ -->\n<title>Homepage Prof. Manuel Ammann &ndash; Universit\u00e4t St. Gallen<\/title>\n<meta name=\"description\" content=\"Professor f\u00fcr Finanzen an der Universit\u00e4t St. Gallen, Direktor am Schweizerischen Institut f\u00fcr Banken und Finanzen, Akademischer Direktor des MBF\" \/>\n<meta name=\"robots\" content=\"index, follow, max-snippet:-1, max-image-preview:large, max-video-preview:-1\" \/>\n<link rel=\"canonical\" href=\"http:\/\/manuelammann.ch\/de\/language-sprache\/\" \/>\n<meta property=\"og:locale\" content=\"de_DE\" \/>\n<meta property=\"og:type\" content=\"article\" \/>\n<meta property=\"og:title\" content=\"Homepage Prof. Manuel Ammann &ndash; Universit\u00e4t St. Gallen\" \/>\n<meta property=\"og:description\" content=\"Professor f\u00fcr Finanzen an der Universit\u00e4t St. Gallen, Direktor am Schweizerischen Institut f\u00fcr Banken und Finanzen, Akademischer Direktor des MBF\" \/>\n<meta property=\"og:url\" content=\"http:\/\/manuelammann.ch\/de\/language-sprache\/\" \/>\n<meta property=\"og:site_name\" content=\"Manuel Ammann\" \/>\n<meta property=\"article:modified_time\" content=\"2020-06-16T08:49:08+00:00\" \/>\n<meta name=\"twitter:card\" content=\"summary_large_image\" \/>\n<script type=\"application\/ld+json\" class=\"yoast-schema-graph\">{\"@context\":\"https:\/\/schema.org\",\"@graph\":[{\"@type\":[\"Person\",\"Organization\"],\"@id\":\"http:\/\/manuelammann.ch\/#\/schema\/person\/b0c9ed93aaef8995e6b4e07ea1553c63\",\"name\":\"Manuel Ammann\",\"image\":{\"@type\":\"ImageObject\",\"@id\":\"http:\/\/manuelammann.ch\/#personlogo\",\"inLanguage\":\"de-CH\",\"url\":\"http:\/\/2.gravatar.com\/avatar\/2f12b3134a404751af7860a437fde880?s=96&d=mm&r=g\",\"caption\":\"Manuel Ammann\"},\"logo\":{\"@id\":\"http:\/\/manuelammann.ch\/#personlogo\"},\"sameAs\":[\"http:\/\/manuelammann.ch\",\"https:\/\/de.wikipedia.org\/wiki\/Manuel_Ammann\"]},{\"@type\":\"WebSite\",\"@id\":\"http:\/\/manuelammann.ch\/#website\",\"url\":\"http:\/\/manuelammann.ch\/\",\"name\":\"Manuel Ammann\",\"description\":\"Professor of Finance | University of St. Gallen\",\"publisher\":{\"@id\":\"http:\/\/manuelammann.ch\/#\/schema\/person\/b0c9ed93aaef8995e6b4e07ea1553c63\"},\"potentialAction\":[{\"@type\":\"SearchAction\",\"target\":\"http:\/\/manuelammann.ch\/?s={search_term_string}\",\"query-input\":\"required name=search_term_string\"}],\"inLanguage\":\"de-CH\"},{\"@type\":\"WebPage\",\"@id\":\"http:\/\/manuelammann.ch\/language-sprache\/#webpage\",\"url\":\"http:\/\/manuelammann.ch\/language-sprache\/\",\"name\":\"Homepage Prof. Manuel Ammann &ndash; Universit\\u00e4t St. Gallen\",\"isPartOf\":{\"@id\":\"http:\/\/manuelammann.ch\/#website\"},\"datePublished\":\"2020-06-16T08:46:03+00:00\",\"dateModified\":\"2020-06-16T08:49:08+00:00\",\"description\":\"Professor f\\u00fcr Finanzen an der Universit\\u00e4t St. Gallen, Direktor am Schweizerischen Institut f\\u00fcr Banken und Finanzen, Akademischer Direktor des MBF\",\"inLanguage\":\"de-CH\",\"potentialAction\":[{\"@type\":\"ReadAction\",\"target\":[\"http:\/\/manuelammann.ch\/language-sprache\/\"]}]}]}<\/script>\n<!-- \/ Yoast SEO plugin. -->","_links":{"self":[{"href":"http:\/\/manuelammann.ch\/de\/wp-json\/wp\/v2\/pages\/528"}],"collection":[{"href":"http:\/\/manuelammann.ch\/de\/wp-json\/wp\/v2\/pages"}],"about":[{"href":"http:\/\/manuelammann.ch\/de\/wp-json\/wp\/v2\/types\/page"}],"author":[{"embeddable":true,"href":"http:\/\/manuelammann.ch\/de\/wp-json\/wp\/v2\/users\/1"}],"replies":[{"embeddable":true,"href":"http:\/\/manuelammann.ch\/de\/wp-json\/wp\/v2\/comments?post=528"}],"version-history":[{"count":4,"href":"http:\/\/manuelammann.ch\/de\/wp-json\/wp\/v2\/pages\/528\/revisions"}],"predecessor-version":[{"id":533,"href":"http:\/\/manuelammann.ch\/de\/wp-json\/wp\/v2\/pages\/528\/revisions\/533"}],"wp:attachment":[{"href":"http:\/\/manuelammann.ch\/de\/wp-json\/wp\/v2\/media?parent=528"}],"curies":[{"name":"wp","href":"https:\/\/api.w.org\/{rel}","templated":true}]}}