{"id":458,"date":"2020-06-15T15:31:49","date_gmt":"2020-06-15T15:31:49","guid":{"rendered":"http:\/\/manuelammann.ch\/?page_id=458"},"modified":"2020-06-17T17:38:30","modified_gmt":"2020-06-17T17:38:30","slug":"miscellaneous","status":"publish","type":"page","link":"http:\/\/manuelammann.ch\/de\/miscellaneous\/","title":{"rendered":"Sonstiges"},"content":{"rendered":"<ul><li><b>Gut gef\u00fchrte Pensionskassen weisen h\u00f6here Performance aus<\/b>, <a href=\"http:\/\/manuelammann.ch\/files\/misc\/20170925_Volkswirtschaft_D_PensionskassenWeisenHoeherePerformanceAuf.pdf\" target=\"_blank\" rel=\"noreferrer noopener\">Die Volkswirtschaft, 10\/2017, pp. 33-35<\/a>.<\/li><li><b>Les caisses de pension bien g\u00e9r\u00e9es affichent de meilleures performances que les autres<\/b>, <a href=\"http:\/\/manuelammann.ch\/files\/misc\/20170925_Volkswirtschaft_F_CaissesPensionBienGerees.pdf\" target=\"_blank\" rel=\"noreferrer noopener\">La Vie \u00c9conomique, 10\/2017, pp. 33-35<\/a>.<\/li><li><b>Effiziente M\u00e4rkte und irrationale Investoren<\/b>, <a href=\"http:\/\/manuelammann.ch\/files\/misc\/20131019_NZZ_EffizienteMaerkteIrrationaleInvestoren.pdf\" target=\"_blank\" rel=\"noreferrer noopener\">Neue Z\u00fcrcher Zeitung, No. 243, 19.10.2013, p. 31<\/a>.<\/li><li><b>Die Zeitbombe der Nullzinsen<\/b>, <a href=\"http:\/\/manuelammann.ch\/files\/misc\/20130106_SonntagsZeitungKolumne17_Nullzinsen.pdf\" target=\"_blank\" rel=\"noreferrer noopener\">SonntagsZeitung, 06.01.2013, p. 52<\/a>.<\/li><li><b>Mehr Eigenkapital \u2013 erw\u00fcnscht aber nicht gewollt<\/b>, <a href=\"http:\/\/manuelammann.ch\/files\/misc\/20121118_SonntagsZeitungKolumne16_MehrEigenkapital.pdf\" target=\"_blank\" rel=\"noreferrer noopener\">SonntagsZeitung, 18.11.2012, p. 55<\/a>.<\/li><li><b>Soll man die Grossbanken zerschlagen?<\/b>, <a href=\"http:\/\/manuelammann.ch\/files\/misc\/20120923_SonntagszeitungKolumne15_GrossbankenZerschlagen.pdf\" target=\"_blank\" rel=\"noreferrer noopener\">SonntagsZeitung, 23.09.2012, p. 55<\/a>.<\/li><li><b>Die versunkenen Kosten der Rettungspolitik<\/b>, <a href=\"http:\/\/manuelammann.ch\/files\/misc\/20120729_SonntagszeitungKolumne14_KostenDerRettungspolitik.pdf\" target=\"_blank\" rel=\"noreferrer noopener\">SonntagsZeitung, 29.07.2012, p. 49<\/a>.<\/li><li><b>Das Arsenal der finanziellen Repression<\/b>, <a href=\"http:\/\/manuelammann.ch\/files\/misc\/20120603_SonntagszeitungKolumne13_FinanzielleRepression.pdf\" target=\"_blank\" rel=\"noreferrer noopener\">SonntagsZeitung, 03.06.2012, p. 60<\/a>.<\/li><li><b>Untergrenze zum Euro: wie lange noch?<\/b>, <a href=\"http:\/\/manuelammann.ch\/files\/misc\/20120408_SonntagszeitungKolumne12_UntergrenzeEuro.pdf\" target=\"_blank\" rel=\"noreferrer noopener\">SonntagsZeitung, 08.04.2012, p. 53<\/a>.<\/li><li><b>Bankgeheimnis: Selbstdeklaration ist kein Ausweg<\/b>, <a href=\"http:\/\/manuelammann.ch\/files\/misc\/20120212_SonntagszeitungKolumne11_Bankgeheimnis.pdf\" target=\"_blank\" rel=\"noreferrer noopener\">SonntagsZeitung, 12.02.2012, p. 59<\/a>.<\/li><li><b>Regeln ersetzen keine Eigenverantwortung<\/b>, <a href=\"http:\/\/manuelammann.ch\/files\/misc\/20120108_Sonntagszeitung_Extra_RegelnErsetzenKeineEigenverantwortung.pdf\" target=\"_blank\" rel=\"noreferrer noopener\">SonntagsZeitung, 08.01.2012, p. 16<\/a>.<\/li><li><b>Too Many to Fail<\/b>, <a href=\"http:\/\/manuelammann.ch\/files\/misc\/20111211_SonntagszeitungKolumne10_TooManyToFail.pdf\" target=\"_blank\" rel=\"noreferrer noopener\">SonntagsZeitung, 11.12.2011, p. 55<\/a>.<\/li><li><b>Die wundersame Vergr\u00f6sserung des Rettungsschirmes<\/b>, <a href=\"http:\/\/manuelammann.ch\/files\/misc\/20111023_SonntagszeitungKolumne9_VergroesserungRettungsschirm.pdf\" target=\"_blank\" rel=\"noreferrer noopener\">SonntagsZeitung, 23.10.2011, p. 57<\/a>.<\/li><li><b>Die Firmen m\u00fcssen sich um das W\u00e4hrungsrisiko k\u00fcmmern<\/b>, <a href=\"http:\/\/manuelammann.ch\/files\/misc\/20110904_SonntagszeitungKolumne8_FirmenUndWaehrungsrisiko.pdf\" target=\"_blank\" rel=\"noreferrer noopener\">SonntagsZeitung, 04.09.2011, p. 57<\/a>.<\/li><li><b>Stresstest und Realit\u00e4t f\u00fcr Europas Banken<\/b>, <a href=\"http:\/\/manuelammann.ch\/files\/misc\/20110717_SonntagszeitungKolumne7_StresstestUndRealitaet.pdf\" target=\"_blank\" rel=\"noreferrer noopener\">SonntagsZeitung, 17.07.2011, p. 46<\/a>.<\/li><li><b>Are better governed companies rewarded by capital markets?<\/b>, <a href=\"http:\/\/manuelammann.ch\/files\/misc\/20110601_BFM_BetterGovernedRewarded.pdf\" target=\"_blank\" rel=\"noreferrer noopener\">Business and Economy (India), 01.07.2011, pp. 16-18<\/a>, <i>with David Oesch and Markus Schmid<\/i>.<\/li><li><b>Schuldenkrise: Europa in der Sackgasse<\/b>, <a href=\"http:\/\/manuelammann.ch\/files\/misc\/20110625_SGTagblatt_Schuldenkrise.pdf\" target=\"_blank\" rel=\"noreferrer noopener\">St. Galler Tagblatt, 25.06.2011<\/a>.<\/li><li><b>Warum der Eurokurs so tief ist<\/b>, <a href=\"http:\/\/manuelammann.ch\/files\/misc\/20110529_SonntagszeitungKolumne6_Eurokurs.pdf\" target=\"_blank\" rel=\"noreferrer noopener\">SonntagsZeitung, 29.05.2011, p. 59<\/a>.<\/li><li><b>Stresstest ohne Stress f\u00fcr die Banken<\/b>, <a href=\"http:\/\/manuelammann.ch\/files\/misc\/20110403_SonntagszeitungKolumne5_Stresstest.pdf\" target=\"_blank\" rel=\"noreferrer noopener\">SonntagsZeitung, 03.04.2011, p. 61<\/a>.<\/li><li><b>Rohstoffpreise: Spekulanten sind unschuldig<\/b>, <a href=\"http:\/\/manuelammann.ch\/files\/misc\/20110220_SonntagszeitungKolumne4_Rohstoffpreise.pdf\" target=\"_blank\" rel=\"noreferrer noopener\">SonntagsZeitung, 20.02.2011, p. 53<\/a>.<\/li><li><b>Aussichtsreichste Anlagen im Jahr 2011<\/b>, <a href=\"http:\/\/manuelammann.ch\/files\/misc\/20110109_SonntagszeitungKolumne3_Anlagen2011.pdf\" target=\"_blank\" rel=\"noreferrer noopener\">SonntagsZeitung, 09.01.2011, p. 53<\/a>.<\/li><li><b>Capital convertible ou renflouement? Tout se jouera dans les d\u00e9tails<\/b>, <a href=\"http:\/\/manuelammann.ch\/files\/misc\/20101201_LaVieEconomique_F_CoCos.pdf\" target=\"_blank\" rel=\"noreferrer noopener\">La Vie \u00c9conomique, 12\/2010, p. 38<\/a>.<\/li><li><b>CoCos statt Bailout: Details sind entscheidend<\/b>, <a href=\"http:\/\/manuelammann.ch\/files\/misc\/20101201_Volkswirtschaft_D_CoCos.pdf\" target=\"_blank\" rel=\"noreferrer noopener\">Die Volkswirtschaft, 12\/2010, p. 38<\/a>.<\/li><li><b>Mit Irland rettet die EU einmal mehr ihre Banken<\/b>, <a href=\"http:\/\/manuelammann.ch\/files\/misc\/20101028_SonntagszeitungKolumne2_Irland.pdf\" target=\"_blank\" rel=\"noreferrer noopener\">SonntagsZeitung, 28.10.2010, p. 63<\/a>.<\/li><li><b>CoCos: Wandelschulden als Chance<\/b>, <a href=\"http:\/\/manuelammann.ch\/files\/misc\/20101007_AargauerZeitung_CoCos.pdf\" target=\"_blank\" rel=\"noreferrer noopener\">Aargauer Zeitung, 07.10.2010, p. 9<\/a>.<\/li><li><b>Neue Eigent\u00fcmer statt Bankrott<\/b>, <a href=\"http:\/\/manuelammann.ch\/files\/misc\/20101003_SonntagszeitungKolumne1_NeueEigentuemerStattBankrott.pdf\" target=\"_blank\" rel=\"noreferrer noopener\">SonntagsZeitung, 03.10.2010, p. 61<\/a>.<\/li><li><b>Leerverkaufsverbote stiften mehr Schaden als Nutzen (Sonderbeilage)<\/b>, <a href=\"http:\/\/manuelammann.ch\/files\/misc\/20100825_NZZ_Leerverkaufsverbote.pdf\" target=\"_blank\" rel=\"noreferrer noopener\">Neue Z\u00fcrcher Zeitung, 25.08.2010, p. 13<\/a>, <i>with Roman Frey<\/i>.<\/li><li><b>Gefahren besser erkennen<\/b>, <a href=\"http:\/\/manuelammann.ch\/files\/misc\/20100201_scoach_GefahrenBesserErkennen.pdf\" target=\"_blank\" rel=\"noreferrer noopener\">Scoach, 02\/2010, p. 16<\/a>.<\/li><li><b>Das Bankensystem muss krisenresistenter werden<\/b>, <a href=\"http:\/\/manuelammann.ch\/files\/misc\/20090418_SGTagblatt_BankensystemKrisenresistenz.pdf\" target=\"_blank\" rel=\"noreferrer noopener\">St. Galler Tagblatt, 18.04.2009<\/a>.<\/li><li><b>Einlagensicherung: Welche grundlegenden Reformen sind notwendig?<\/b>, <a href=\"http:\/\/manuelammann.ch\/files\/misc\/20081201_Volkswirtschaft_Einlagensicherung.pdf\" target=\"_blank\" rel=\"noreferrer noopener\">Die Volkswirtschaft, 12\/2008, pp. 9-12<\/a>.<\/li><li><b>S\u00e9curit\u00e9 des d\u00e9p\u00f4ts: quelles sont les r\u00e9formes de fond n\u00e9cessaires?<\/b>, <a href=\"https:\/\/www.alexandria.unisg.ch\/49463\/\" target=\"_blank\" rel=\"noreferrer noopener\">La Vie \u00c9conomique, 12\/2008, pp. 9-12<\/a>.<\/li><li><b>Zu welchem Preis hilft der Bund der UBS?<\/b>, <a href=\"http:\/\/manuelammann.ch\/files\/misc\/20081121_NZZ_BundHilftUBS.pdf\" target=\"_blank\" rel=\"noreferrer noopener\">Neue Z\u00fcrcher Zeitung, No. 273, 21.11.2008, p. 31<\/a>, <i>with David Oesch and Ralf Seiz<\/i>.<\/li><li><b>Top-down Allokation statt Produkte-Sammelsurium<\/b>, <a href=\"http:\/\/manuelammann.ch\/files\/misc\/20080901_Denaris_TopDownAllokation.pdf\" target=\"_blank\" rel=\"noreferrer noopener\">Denaris. Zeitschrift des Verbandes Schweizerischer Verm\u00f6gensverwalter, Q4\/2008, p. 41<\/a>.<\/li><li><b>Finanzsystem: Das Vertrauen ist angeschlagen<\/b>, <a href=\"http:\/\/manuelammann.ch\/files\/misc\/20080920_SGTagblatt_FinanzsystemVertrauenAngeschlagen.pdf\" target=\"_blank\" rel=\"noreferrer noopener\">St. Galler Tagblatt, 20.09.2008<\/a>.<\/li><li><b>Die \u201eFair Value\u201c-Bewertung von Finanzinstrumenten. Waren die Konditionen der UBS-Pflichtwandelanleihe fair?<\/b>, <a href=\"http:\/\/manuelammann.ch\/files\/misc\/20080701_IRZ_FairValueBewertung.pdf\" target=\"_blank\" rel=\"noreferrer noopener\">Zeitschrift f\u00fcr Internationale Rechnungslegung, 07\/2008, pp. 355-357<\/a>, <i>with Ralf Seiz<\/i>.<\/li><li><b>Was ist mit dem Dollar los?<\/b>, <a href=\"http:\/\/manuelammann.ch\/files\/misc\/20080409_SGTagblatt_USD.pdf\" target=\"_blank\" rel=\"noreferrer noopener\">St. Galler Tagblatt, 09.04.2008<\/a>, <i>with Rico von Wyss<\/i>.<\/li><li><b>Zu fairen Konditionen lancierte Pflichtwandelanleihe der UBS<\/b>, <a href=\"http:\/\/manuelammann.ch\/files\/misc\/20080221_NZZ_PflichtwandelanleiheUBS.pdf\" target=\"_blank\" rel=\"noreferrer noopener\">Neue Z\u00fcrcher Zeitung, No. 43, 21.02.2008, p. 31<\/a>, <i>with Ralf Seiz<\/i>.<\/li><li><b>Gef\u00e4hrdet die Kreditkrise unsere Renten?<\/b>, <a href=\"http:\/\/manuelammann.ch\/de\/files\/misc\/20080125_SGTaglatt_KreditkriseRenten.pdf\/\" target=\"_blank\" rel=\"noreferrer noopener\">St. Galler Tagblatt, 26.01.2008<\/a>.<\/li><li><b>Performance auf dem Pr\u00fcfstand<\/b>, <a href=\"http:\/\/manuelammann.ch\/files\/misc\/20070901_UBSWealthManagementDeutsch_PerformancePruefstand.pdf\" target=\"_blank\" rel=\"noreferrer noopener\">Wealth Management (UBS), Q4\/2007, pp. 6-10<\/a>.<\/li><li><b>Putting Performance to the Test<\/b>, <a href=\"http:\/\/manuelammann.ch\/files\/misc\/20070901_UBSWealthManagementEnglish_PerformancePruefstand.pdf\" target=\"_blank\" rel=\"noreferrer noopener\">Wealth Management (UBS), Q4\/2007, pp. 6-10<\/a>.<\/li><li><b>Anlagestiftungen im Vergleich. Neue Performancestudie<\/b>, <a href=\"http:\/\/manuelammann.ch\/files\/misc\/20070801_SchweizerPersonalvorsorge_AnlagestiftungenImVergleich.pdf\" target=\"_blank\" rel=\"noreferrer noopener\">Schweizer Personalvorsorge, No. 8 , 06\/2007, pp. 67-69<\/a>, <i>with Andreas Zingg<\/i>.<\/li><li><b>Timing als Antwort auf turbulente M\u00e4rkte? (Gastkommentar)<\/b>, <a href=\"http:\/\/manuelammann.ch\/files\/misc\/20070404_Handelszeitung_GastkolumneInvestor.pdf\" target=\"_blank\" rel=\"noreferrer noopener\">Handelszeitung, No. 14, 04.04.2007, p. 35<\/a>.<\/li><li><b>Sind Hedge Funds eine Gefahr f\u00fcr die Finanzm\u00e4rkte? (Beilage Hedge Funds)<\/b>, <a href=\"http:\/\/manuelammann.ch\/files\/misc\/20061108_FinanzWirtschaft_HedgeFundsGefahrFuerFinanzmaerkte.pdf\" target=\"_blank\" rel=\"noreferrer noopener\">Finanz und Wirtschaft, No. 88, 08.11.2006, p. 12<\/a>, <i>with Markus Schmid<\/i>.<\/li><li><b>Strukturierte Produkte: Mehr Transparenz in der Preisgestaltung ist w\u00fcnschenswert<\/b>, <a href=\"http:\/\/manuelammann.ch\/files\/misc\/20060919_NZZ_StrukturierteProdukte.pdf\" target=\"_blank\" rel=\"noreferrer noopener\">Neue Z\u00fcrcher Zeitung, No. 217, 19.09.2006, p. 67<\/a>.<\/li><li><b>Wird Pensionskassengeld schlecht angelegt?<\/b>, <a href=\"http:\/\/manuelammann.ch\/files\/misc\/20060902_SGTagblatt_Pensionskassengeld.pdf\" target=\"_blank\" rel=\"noreferrer noopener\">St. Galler Tagblatt, 02.09.2006<\/a>.<\/li><li><b>Wohin fliessen die hohen B\u00f6rsengewinne?<\/b>, <a href=\"http:\/\/manuelammann.ch\/files\/misc\/20060304_SGTagblatt_Boersengewinne.pdf\" target=\"_blank\" rel=\"noreferrer noopener\">St. Galler Tagblatt, 04.03.2006<\/a>.<\/li><li><b>Was Hedge-Funds k\u00f6nnen \u2013 und was nicht. Die Diversifikation als herausragende Eigenschaft<\/b>, <a href=\"http:\/\/manuelammann.ch\/files\/misc\/20050217_NZZ_WasHedgeFundsKoennen.pdf\" target=\"_blank\" rel=\"noreferrer noopener\">Neue Z\u00fcrcher Zeitung, No. 40, 17.02.2005, p. 29<\/a>.<\/li><li><b>Schweizer Altersvorsorge: Kartenhaus oder solide Konstruktion?<\/b>, <a href=\"https:\/\/www.alexandria.unisg.ch\/12556\/\" target=\"_blank\" rel=\"noreferrer noopener\">Schweizer Monatshefte f\u00fcr Politik, Wirtschaft und Kultur, Vol. 85 No. 12, 2005, pp. 19-23<\/a>.<\/li><li><b>Ad-hoc Meldungen mit Nachhall. Insiderhandel wegen Informationslecks nicht messbar<\/b>, <a href=\"http:\/\/manuelammann.ch\/files\/misc\/20041025_NZZ_InsiderhandelNichtMessbar.pdf\" target=\"_blank\" rel=\"noreferrer noopener\">Neue Z\u00fcrcher Zeitung, No. 249, 25.10.2004, p. 22<\/a>, <i>with Stephan Kessler<\/i>.<\/li><li><b>Wie viel sind Mitarbeiteroptionen wert?<\/b>, <a href=\"http:\/\/manuelammann.ch\/files\/misc\/20040720_NZZ_Mitarbeiteroptionen.pdf\" target=\"_blank\" rel=\"noreferrer noopener\">Neue Z\u00fcrcher Zeitung, No. 166, 20.07.2004, p. 23<\/a>, <i>with Ralf Seiz<\/i>.<\/li><li><b>Aktienbewertungsniveau wird sich nicht nochmals erh\u00f6hen<\/b>, <a href=\"http:\/\/manuelammann.ch\/files\/misc\/20040626_FinanzWirtschaft_Aktienbewertungsniveau.pdf\" target=\"_blank\" rel=\"noreferrer noopener\">Finanz und Wirtschaft, No. 50, 26.06.2004, p. 23<\/a>, <i>with Michael Verhofen<\/i>.<\/li><li><b>Verm\u00f6gensverwalter sind auch \u00dcbersetzer<\/b>, <a href=\"https:\/\/www.alexandria.unisg.ch\/100383\/\" target=\"_blank\" rel=\"noreferrer noopener\">Denaris. Zeitschrift des Verbandes Schweizerischer Verm\u00f6gensverwalter, Q2\/2004, pp. 17-19<\/a>, <i>with Rico von Wyss<\/i>.<\/li><li><b>Welche Rendite kann am Aktienmarkt erwartet werden?<\/b>, <a href=\"http:\/\/manuelammann.ch\/files\/misc\/20041001_SchweizerPersonalvorsorge_RenditeAktienmarkt.pdf\" target=\"_blank\" rel=\"noreferrer noopener\">Schweizer Personalvorsorge, 03\/2004, pp. 20-25<\/a>, <i>with Michael Verhofen<\/i>.<\/li><li><b>Die Sicherheitsillusion in der Altersvorsorge<\/b>, <a href=\"http:\/\/manuelammann.ch\/files\/misc\/20030901_RiskVoice_SicherheitsillusionAltersvorsorge.pdf\" target=\"_blank\" rel=\"noreferrer noopener\">RiskVoice, No. 5, 10\/2003<\/a>.<\/li><li><b>Performance Schweizerischer Anlagestiftungen<\/b>, <a href=\"https:\/\/www.alexandria.unisg.ch\/30646\/\" target=\"_blank\" rel=\"noreferrer noopener\">Schweizer Personalvorsorge, No. 16 Vol. 7, 06\/2003, pp. 63-65<\/a>, <i>with Rico von Wyss<\/i>.<\/li><li><b>B\u00f6rsenbaisse: Wieviel Risiko ertragen wir?<\/b>, <a href=\"https:\/\/www.alexandria.unisg.ch\/12565\/\" target=\"_blank\" rel=\"noreferrer noopener\">St. Galler Tagblatt, 01.02.2003, p. 2<\/a>.<\/li><li><b>Der BVG-Mindestzinssatz im Kraftfeld der M\u00e4rkte<\/b>, <a href=\"http:\/\/manuelammann.ch\/files\/misc\/20021108_NZZ_Mindestzins.pdf\" target=\"_blank\" rel=\"noreferrer noopener\">Neue Z\u00fcrcher Zeitung, 08.11.2002, p. 25<\/a>.<\/li><li><b>Die alten Strukturen zerfalen<\/b>, <a href=\"http:\/\/manuelammann.ch\/files\/misc\/20021031_SGTagblatt_DieAltenStrukturenVerfallen.pdf\" target=\"_blank\" rel=\"noreferrer noopener\">St. Galler Tagblatt, 31.10.2002<\/a>.<\/li><li><b>Der IRB-Ansatz als strategische Herausforderung f\u00fcr Banken<\/b>, <a href=\"http:\/\/manuelammann.ch\/files\/misc\/20011001_SchweizerTreuhaender_Basel II.pdf\" target=\"_blank\" rel=\"noreferrer noopener\">Der Schweizer Treuh\u00e4nder, 10\/2001, pp. 915-922<\/a>, <i>with Dean Jovic and Christian Schmid<\/i>.<\/li><li><b>Do Risk-Adjusted Pricing and the New Basel Capital Accord Reinforce the Credit Cycle? (Editorial)<\/b>, <a href=\"http:\/\/manuelammann.ch\/files\/misc\/20010401_FMPM_CreditCycle.pdf\" target=\"_blank\" rel=\"noreferrer noopener\">Financial Markets and Portfolio Management, Vol. 15 No. 2, 2001, pp. 141-147<\/a>.<\/li><li><b>Diskriminierte regionale Institute<\/b>, <a href=\"http:\/\/manuelammann.ch\/files\/misc\/20010401_SchweizerBank_DiskriminierteRegionaleInstitute.pdf\" target=\"_blank\" rel=\"noreferrer noopener\">Schweizer Bank, 04\/2001<\/a>, <i>with Dean Jovic and Christian Schmid<\/i>.<\/li><li><b>New Facts about Convertible Bonds: A Pricing Analysis of the French Market (Newsletter)<\/b>, <a href=\"https:\/\/www.researchgate.net\/publication\/36387705_New_Facts_about_Convertible_Bonds_A_Pricing_Analysis_of_the_French_Market\" target=\"_blank\" rel=\"noreferrer noopener\">Association of Convertible Bond Management, 02\/2001<\/a>, <i>with Axel Kind and Christian Wilde<\/i>.<\/li><li><b>Can Convertibles improve Pension Fund Performance? (Newsletter)<\/b>, <a href=\"https:\/\/www.researchgate.net\/publication\/36386570_Can_Convertibles_Improve_Pension_Fund_Performance\" target=\"_blank\" rel=\"noreferrer noopener\">Association of Convertible Bond Management, 01\/2001<\/a>, <i>with Axel Kind, Christian Wilde and Heinz Zimmermann<\/i>.<\/li><li><b>Telekom-Bonus statt Schuldenabbau?<\/b>, <a href=\"https:\/\/www.alexandria.unisg.ch\/12573\/\" target=\"_blank\" rel=\"noreferrer noopener\">Neue Z\u00fcrcher Zeitung, No. 221, 22.08.2000, p. 21<\/a>, <i>with Tilman Slembeck<\/i>.<\/li><li><b>Das Mobilfunk Oligopol: Warum Konzessionen Milliarden kosten (Sonderbeilage)<\/b>, <a href=\"https:\/\/www.alexandria.unisg.ch\/12572\/\" target=\"_blank\" rel=\"noreferrer noopener\">Neue Z\u00fcrcher Zeitung, 06.07.2000, p. 89<\/a>.<\/li><li><b>Alle Probleme gel\u00f6st?<\/b>, <a href=\"http:\/\/manuelammann.ch\/files\/misc\/20000401_SchweizerBank_AlleProblemeGeloest.pdf\" target=\"_blank\" rel=\"noreferrer noopener\">Schweizer Bank, 04\/2000<\/a>, <i>with Christian Schmid and Patrick Wegmann<\/i>.<\/li><li><b>Eigenmittelvorschriften \u00fcberholt?<\/b>, <a href=\"http:\/\/manuelammann.ch\/files\/misc\/20000301_SchweizerBank_EigenmittelvorschriftenUeberholt.pdf\" target=\"_blank\" rel=\"noreferrer noopener\">Schweizer Bank, 03\/2000<\/a>, <i>with Christian Schmid and Patrick Wegmann<\/i>.<\/li><li><b>Systemarchitektur als Erfolgsfaktor<\/b>, <a href=\"http:\/\/manuelammann.ch\/files\/misc\/20000201_SchweizerBank_SystemarchitekturAlsErfolgsfaktor.pdf\" target=\"_blank\" rel=\"noreferrer noopener\">Schweizer Bank, 02\/2000<\/a>, <i>with Christian Schmid and Urs Halter<\/i>.<\/li><li><b>Gesucht: Das beste Kreditportfolio-Modell<\/b>, <a href=\"http:\/\/manuelammann.ch\/files\/misc\/20000101_SchweizerBank_BestesKreditPortfolioModell.pdf\" target=\"_blank\" rel=\"noreferrer noopener\">Schweizer Bank, 01\/2000<\/a>, <i>with Christian Schmid and Patrick Wegmann<\/i>.<\/li><li><b>Kreditrisiko: Verwirrung im Pricing<\/b>, <a href=\"http:\/\/manuelammann.ch\/files\/misc\/19991201_SchweizerBank_VerwirrungImPricing.pdf\" target=\"_blank\" rel=\"noreferrer noopener\">Schweizer Bank, 12\/1999<\/a>, <i>with Christian Schmid and Patrick Wegmann<\/i>.<\/li><li><b>Kreditrisiko: An der Realit\u00e4t vorbei?<\/b>, <a href=\"http:\/\/manuelammann.ch\/files\/misc\/19991101_SchweizerBank_AnDerRealitaetVorbei.pdf\" target=\"_blank\" rel=\"noreferrer noopener\">Schweizer Bank, 11\/1999<\/a>, <i>with Christian Schmid and Patrick Wegmann<\/i>.<\/li><li><b>Measuring Program Structure with Inter-Module Metrics<\/b>, <a href=\"https:\/\/ieeexplore.ieee.org\/abstract\/document\/342817\" target=\"_blank\" rel=\"noreferrer noopener\">Proceedings of the 18th International Conference on Computer Software and Applications, 11\/1994, pp. 139-144<\/a>, <i>with Robert D. Cameron<\/i>.<\/li><li><b>Open Issues in Testing Object-Oriented Software<\/b>, <a href=\"http:\/\/manuelammann.ch\/files\/misc\/19941017_ECSQ.pdf\" target=\"_blank\" rel=\"noreferrer noopener\">Proceedings of the European Conference on Software Quality, 1994, pp. 257-267<\/a>, <i>with St\u00e9pahne Barbey, Alfred Strohmeier and Karol Fr\u00fchauf<\/i>.<\/li><li><b>Inter-Module Renaming and Reorganizing: Examples of Program Manipulation in-the-large<\/b>, <a href=\"https:\/\/ieeexplore.ieee.org\/abstract\/document\/336759\" target=\"_blank\" rel=\"noreferrer noopener\">Proceedings of the International Conference on Software Maintenance, 09\/1994, pp. 354-361<\/a>, <i>with Robert D. Cameron<\/i>.<\/li><\/ul>","protected":false},"excerpt":{"rendered":"<p>Gut gef\u00fchrte Pensionskassen weisen h\u00f6here Performance aus, Die Volkswirtschaft, 10\/2017, pp. 33-35. Les caisses de pension bien g\u00e9r\u00e9es affichent de meilleures performances que les autres,&#8230;<\/p>\n<div class=\"more-link-wrapper\"><a class=\"more-link\" href=\"http:\/\/manuelammann.ch\/de\/miscellaneous\/\">Continue Reading<span class=\"screen-reader-text\">Sonstiges<\/span><\/a><\/div>","protected":false},"author":1,"featured_media":0,"parent":0,"menu_order":0,"comment_status":"closed","ping_status":"closed","template":"","meta":{"_uag_custom_page_level_css":"","_lmt_disableupdate":"","_lmt_disable":"","footnotes":""},"uagb_featured_image_src":{"full":false,"thumbnail":false,"medium":false,"medium_large":false,"large":false,"1536x1536":false,"2048x2048":false,"trp-custom-language-flag":false},"uagb_author_info":{"display_name":"Manuel Ammann","author_link":"http:\/\/manuelammann.ch\/de\/author\/mammann\/"},"uagb_comment_info":0,"uagb_excerpt":"Gut gef\u00fchrte Pensionskassen weisen h\u00f6here Performance aus, Die Volkswirtschaft, 10\/2017, pp. 33-35. Les caisses de pension bien g\u00e9r\u00e9es affichent de meilleures performances que les autres,&#8230;Continue ReadingMiscellaneous","yoast_head":"<!-- This site is optimized with the Yoast SEO plugin v15.7 - https:\/\/yoast.com\/wordpress\/plugins\/seo\/ -->\n<title>Homepage Prof. Manuel Ammann &ndash; Universit\u00e4t St. Gallen<\/title>\n<meta name=\"description\" content=\"Professor f\u00fcr Finanzen an der Universit\u00e4t St. Gallen, Direktor am Schweizerischen Institut f\u00fcr Banken und Finanzen, Akademischer Direktor des MBF\" \/>\n<meta name=\"robots\" content=\"index, follow, max-snippet:-1, max-image-preview:large, max-video-preview:-1\" \/>\n<link rel=\"canonical\" href=\"http:\/\/manuelammann.ch\/de\/miscellaneous\/\" \/>\n<meta property=\"og:locale\" content=\"de_DE\" \/>\n<meta property=\"og:type\" content=\"article\" \/>\n<meta property=\"og:title\" content=\"Homepage Prof. Manuel Ammann &ndash; Universit\u00e4t St. Gallen\" \/>\n<meta property=\"og:description\" content=\"Professor f\u00fcr Finanzen an der Universit\u00e4t St. Gallen, Direktor am Schweizerischen Institut f\u00fcr Banken und Finanzen, Akademischer Direktor des MBF\" \/>\n<meta property=\"og:url\" content=\"http:\/\/manuelammann.ch\/de\/miscellaneous\/\" \/>\n<meta property=\"og:site_name\" content=\"Manuel Ammann\" \/>\n<meta property=\"article:modified_time\" content=\"2020-06-17T17:38:30+00:00\" \/>\n<meta name=\"twitter:card\" content=\"summary_large_image\" \/>\n<meta name=\"twitter:label1\" content=\"Est. reading time\">\n\t<meta name=\"twitter:data1\" content=\"5 Minuten\">\n<script type=\"application\/ld+json\" class=\"yoast-schema-graph\">{\"@context\":\"https:\/\/schema.org\",\"@graph\":[{\"@type\":[\"Person\",\"Organization\"],\"@id\":\"http:\/\/manuelammann.ch\/#\/schema\/person\/b0c9ed93aaef8995e6b4e07ea1553c63\",\"name\":\"Manuel Ammann\",\"image\":{\"@type\":\"ImageObject\",\"@id\":\"http:\/\/manuelammann.ch\/#personlogo\",\"inLanguage\":\"de-CH\",\"url\":\"http:\/\/2.gravatar.com\/avatar\/2f12b3134a404751af7860a437fde880?s=96&d=mm&r=g\",\"caption\":\"Manuel Ammann\"},\"logo\":{\"@id\":\"http:\/\/manuelammann.ch\/#personlogo\"},\"sameAs\":[\"http:\/\/manuelammann.ch\",\"https:\/\/de.wikipedia.org\/wiki\/Manuel_Ammann\"]},{\"@type\":\"WebSite\",\"@id\":\"http:\/\/manuelammann.ch\/#website\",\"url\":\"http:\/\/manuelammann.ch\/\",\"name\":\"Manuel Ammann\",\"description\":\"Professor of Finance | University of St. Gallen\",\"publisher\":{\"@id\":\"http:\/\/manuelammann.ch\/#\/schema\/person\/b0c9ed93aaef8995e6b4e07ea1553c63\"},\"potentialAction\":[{\"@type\":\"SearchAction\",\"target\":\"http:\/\/manuelammann.ch\/?s={search_term_string}\",\"query-input\":\"required name=search_term_string\"}],\"inLanguage\":\"de-CH\"},{\"@type\":\"WebPage\",\"@id\":\"http:\/\/manuelammann.ch\/miscellaneous\/#webpage\",\"url\":\"http:\/\/manuelammann.ch\/miscellaneous\/\",\"name\":\"Homepage Prof. Manuel Ammann &ndash; Universit\\u00e4t St. Gallen\",\"isPartOf\":{\"@id\":\"http:\/\/manuelammann.ch\/#website\"},\"datePublished\":\"2020-06-15T15:31:49+00:00\",\"dateModified\":\"2020-06-17T17:38:30+00:00\",\"description\":\"Professor f\\u00fcr Finanzen an der Universit\\u00e4t St. Gallen, Direktor am Schweizerischen Institut f\\u00fcr Banken und Finanzen, Akademischer Direktor des MBF\",\"inLanguage\":\"de-CH\",\"potentialAction\":[{\"@type\":\"ReadAction\",\"target\":[\"http:\/\/manuelammann.ch\/miscellaneous\/\"]}]}]}<\/script>\n<!-- \/ Yoast SEO plugin. -->","_links":{"self":[{"href":"http:\/\/manuelammann.ch\/de\/wp-json\/wp\/v2\/pages\/458"}],"collection":[{"href":"http:\/\/manuelammann.ch\/de\/wp-json\/wp\/v2\/pages"}],"about":[{"href":"http:\/\/manuelammann.ch\/de\/wp-json\/wp\/v2\/types\/page"}],"author":[{"embeddable":true,"href":"http:\/\/manuelammann.ch\/de\/wp-json\/wp\/v2\/users\/1"}],"replies":[{"embeddable":true,"href":"http:\/\/manuelammann.ch\/de\/wp-json\/wp\/v2\/comments?post=458"}],"version-history":[{"count":17,"href":"http:\/\/manuelammann.ch\/de\/wp-json\/wp\/v2\/pages\/458\/revisions"}],"predecessor-version":[{"id":586,"href":"http:\/\/manuelammann.ch\/de\/wp-json\/wp\/v2\/pages\/458\/revisions\/586"}],"wp:attachment":[{"href":"http:\/\/manuelammann.ch\/de\/wp-json\/wp\/v2\/media?parent=458"}],"curies":[{"name":"wp","href":"https:\/\/api.w.org\/{rel}","templated":true}]}}