{"id":456,"date":"2020-06-15T15:31:20","date_gmt":"2020-06-15T15:31:20","guid":{"rendered":"http:\/\/manuelammann.ch\/?page_id=456"},"modified":"2020-06-17T16:33:13","modified_gmt":"2020-06-17T16:33:13","slug":"books","status":"publish","type":"page","link":"http:\/\/manuelammann.ch\/de\/books\/","title":{"rendered":"B\u00fccher"},"content":{"rendered":"<h2 class=\"wp-block-heading\">B\u00fccher<\/h2>\n\n\n\n<ul><li><strong>Credit Risk Valuation: Methods, Models, and Applications<\/strong>, <a rel=\"noreferrer noopener\" href=\"https:\/\/www.springer.com\/gp\/book\/9783540678052\" target=\"_blank\">2nd ed., Springer-Verlag, Berlin Heidelberg New York, 2001<\/a>. (<strong>Chinese translation<\/strong>: <a rel=\"noreferrer noopener\" href=\"https:\/\/www.alexandria.unisg.ch\/37912\/\" target=\"_blank\">Tsinghua University Press, 2004<\/a>)<\/li><li><strong>Pricing Derivative Credit Risk, Lecture Notes in Economics and Mathematical Systems<\/strong>, <a rel=\"noreferrer noopener\" href=\"https:\/\/www.springer.com\/de\/book\/9783662223307\" target=\"_blank\">Springer-Verlag, Berlin Heidelberg New York, 1999<\/a>.<\/li><\/ul>\n\n\n\n<h2 class=\"wp-block-heading\">Buchkapitel<\/h2>\n\n\n\n<ul><li><strong>The Construction and Valuation Effect of Corporate Governance Indices<\/strong>, in: <a rel=\"noreferrer noopener\" href=\"https:\/\/doi.org\/10.4337\/9780857936097.00022\" target=\"_blank\">Handbooks of Research Methods and Applications: Empirical Finance, pp. 314-340, Edward Elgar, 2013<\/a>, <em>with David Oesch und Markus Schmid.<\/em><\/li><li><strong>Strukturierte Produkte: Risikoallokation und Marktvervollst\u00e4ndigung f\u00fcr Privatanleger<\/strong>, in: <a rel=\"noreferrer noopener\" href=\"https:\/\/www.alexandria.unisg.ch\/42243\/\" target=\"_blank\">Rechtliche Rahmenbedingungen des Wirtschaftsstandortes Schweiz: Festschrift 25 Jahre juristische Abschl\u00fcsse an der Universit\u00e4t St. Gallen (HSG), pp. 573-585, Dike Verlag, Z\u00fcrich, 2007<\/a>, <em>with Alexander Ising.<\/em><\/li><li><strong>Wachstum von Hedgefonds und die Auswirkung auf die Wertentwicklung<\/strong>, in: <a rel=\"noreferrer noopener\" href=\"https:\/\/www.alexandria.unisg.ch\/38383\/\" target=\"_blank\">Handbuch Alternative Investments, pp. 319-342, Gabler, Wiesbaden, 2006,<\/a> <em>with Patrick Moerth.<\/em><\/li><\/ul>","protected":false},"excerpt":{"rendered":"<p>Books Credit Risk Valuation: Methods, Models, and Applications, 2nd ed., Springer-Verlag, Berlin Heidelberg New York, 2001. (Chinese translation: Tsinghua University Press, 2004) Pricing Derivative Credit&#8230;<\/p>\n<div class=\"more-link-wrapper\"><a class=\"more-link\" href=\"http:\/\/manuelammann.ch\/de\/books\/\">Continue Reading<span class=\"screen-reader-text\">B\u00fccher<\/span><\/a><\/div>","protected":false},"author":1,"featured_media":0,"parent":0,"menu_order":0,"comment_status":"closed","ping_status":"closed","template":"","meta":{"_uag_custom_page_level_css":"","_lmt_disableupdate":"","_lmt_disable":"","footnotes":""},"uagb_featured_image_src":{"full":false,"thumbnail":false,"medium":false,"medium_large":false,"large":false,"1536x1536":false,"2048x2048":false,"trp-custom-language-flag":false},"uagb_author_info":{"display_name":"Manuel Ammann","author_link":"http:\/\/manuelammann.ch\/de\/author\/mammann\/"},"uagb_comment_info":0,"uagb_excerpt":"Books Credit Risk Valuation: Methods, Models, and Applications, 2nd ed., Springer-Verlag, Berlin Heidelberg New York, 2001. (Chinese translation: Tsinghua University Press, 2004) Pricing Derivative Credit&#8230;Continue ReadingBooks","yoast_head":"<!-- This site is optimized with the Yoast SEO plugin v15.7 - https:\/\/yoast.com\/wordpress\/plugins\/seo\/ -->\n<title>Homepage Prof. Manuel Ammann &ndash; Universit\u00e4t St. Gallen<\/title>\n<meta name=\"description\" content=\"Professor f\u00fcr Finanzen an der Universit\u00e4t St. Gallen, Direktor am Schweizerischen Institut f\u00fcr Banken und Finanzen, Akademischer Direktor des MBF\" \/>\n<meta name=\"robots\" content=\"index, follow, max-snippet:-1, max-image-preview:large, max-video-preview:-1\" \/>\n<link rel=\"canonical\" href=\"http:\/\/manuelammann.ch\/de\/books\/\" \/>\n<meta property=\"og:locale\" content=\"de_DE\" \/>\n<meta property=\"og:type\" content=\"article\" \/>\n<meta property=\"og:title\" content=\"Homepage Prof. Manuel Ammann &ndash; Universit\u00e4t St. Gallen\" \/>\n<meta property=\"og:description\" content=\"Professor f\u00fcr Finanzen an der Universit\u00e4t St. Gallen, Direktor am Schweizerischen Institut f\u00fcr Banken und Finanzen, Akademischer Direktor des MBF\" \/>\n<meta property=\"og:url\" content=\"http:\/\/manuelammann.ch\/de\/books\/\" \/>\n<meta property=\"og:site_name\" content=\"Manuel Ammann\" \/>\n<meta property=\"article:modified_time\" content=\"2020-06-17T16:33:13+00:00\" \/>\n<meta name=\"twitter:card\" content=\"summary_large_image\" \/>\n<meta name=\"twitter:label1\" content=\"Est. reading time\">\n\t<meta name=\"twitter:data1\" content=\"1 Minute\">\n<script type=\"application\/ld+json\" class=\"yoast-schema-graph\">{\"@context\":\"https:\/\/schema.org\",\"@graph\":[{\"@type\":[\"Person\",\"Organization\"],\"@id\":\"http:\/\/manuelammann.ch\/#\/schema\/person\/b0c9ed93aaef8995e6b4e07ea1553c63\",\"name\":\"Manuel Ammann\",\"image\":{\"@type\":\"ImageObject\",\"@id\":\"http:\/\/manuelammann.ch\/#personlogo\",\"inLanguage\":\"de-CH\",\"url\":\"http:\/\/2.gravatar.com\/avatar\/2f12b3134a404751af7860a437fde880?s=96&d=mm&r=g\",\"caption\":\"Manuel Ammann\"},\"logo\":{\"@id\":\"http:\/\/manuelammann.ch\/#personlogo\"},\"sameAs\":[\"http:\/\/manuelammann.ch\",\"https:\/\/de.wikipedia.org\/wiki\/Manuel_Ammann\"]},{\"@type\":\"WebSite\",\"@id\":\"http:\/\/manuelammann.ch\/#website\",\"url\":\"http:\/\/manuelammann.ch\/\",\"name\":\"Manuel Ammann\",\"description\":\"Professor of Finance | University of St. Gallen\",\"publisher\":{\"@id\":\"http:\/\/manuelammann.ch\/#\/schema\/person\/b0c9ed93aaef8995e6b4e07ea1553c63\"},\"potentialAction\":[{\"@type\":\"SearchAction\",\"target\":\"http:\/\/manuelammann.ch\/?s={search_term_string}\",\"query-input\":\"required name=search_term_string\"}],\"inLanguage\":\"de-CH\"},{\"@type\":\"WebPage\",\"@id\":\"http:\/\/manuelammann.ch\/books\/#webpage\",\"url\":\"http:\/\/manuelammann.ch\/books\/\",\"name\":\"Homepage Prof. Manuel Ammann &ndash; Universit\\u00e4t St. Gallen\",\"isPartOf\":{\"@id\":\"http:\/\/manuelammann.ch\/#website\"},\"datePublished\":\"2020-06-15T15:31:20+00:00\",\"dateModified\":\"2020-06-17T16:33:13+00:00\",\"description\":\"Professor f\\u00fcr Finanzen an der Universit\\u00e4t St. Gallen, Direktor am Schweizerischen Institut f\\u00fcr Banken und Finanzen, Akademischer Direktor des MBF\",\"inLanguage\":\"de-CH\",\"potentialAction\":[{\"@type\":\"ReadAction\",\"target\":[\"http:\/\/manuelammann.ch\/books\/\"]}]}]}<\/script>\n<!-- \/ Yoast SEO plugin. -->","_links":{"self":[{"href":"http:\/\/manuelammann.ch\/de\/wp-json\/wp\/v2\/pages\/456"}],"collection":[{"href":"http:\/\/manuelammann.ch\/de\/wp-json\/wp\/v2\/pages"}],"about":[{"href":"http:\/\/manuelammann.ch\/de\/wp-json\/wp\/v2\/types\/page"}],"author":[{"embeddable":true,"href":"http:\/\/manuelammann.ch\/de\/wp-json\/wp\/v2\/users\/1"}],"replies":[{"embeddable":true,"href":"http:\/\/manuelammann.ch\/de\/wp-json\/wp\/v2\/comments?post=456"}],"version-history":[{"count":8,"href":"http:\/\/manuelammann.ch\/de\/wp-json\/wp\/v2\/pages\/456\/revisions"}],"predecessor-version":[{"id":490,"href":"http:\/\/manuelammann.ch\/de\/wp-json\/wp\/v2\/pages\/456\/revisions\/490"}],"wp:attachment":[{"href":"http:\/\/manuelammann.ch\/de\/wp-json\/wp\/v2\/media?parent=456"}],"curies":[{"name":"wp","href":"https:\/\/api.w.org\/{rel}","templated":true}]}}