{"id":22,"date":"2020-01-14T02:34:18","date_gmt":"2020-01-14T02:34:18","guid":{"rendered":"http:\/\/manuelammann.ch\/?page_id=22"},"modified":"2024-04-28T19:41:21","modified_gmt":"2024-04-28T17:41:21","slug":"home","status":"publish","type":"page","link":"http:\/\/manuelammann.ch\/de\/","title":{"rendered":"Home"},"content":{"rendered":"<div class=\"wp-block-image\">\n<figure class=\"aligncenter size-large\"><img loading=\"lazy\" decoding=\"async\" width=\"300\" height=\"325\" src=\"http:\/\/manuelammann.ch\/wp-content\/uploads\/2021\/02\/MA_Smooth.png\" alt=\"\" class=\"wp-image-643\" srcset=\"http:\/\/manuelammann.ch\/wp-content\/uploads\/2021\/02\/MA_Smooth.png 300w, http:\/\/manuelammann.ch\/wp-content\/uploads\/2021\/02\/MA_Smooth-277x300.png 277w, http:\/\/manuelammann.ch\/wp-content\/uploads\/2021\/02\/MA_Smooth-11x12.png 11w\" sizes=\"(max-width: 300px) 100vw, 300px\" \/><\/figure><\/div>\n\n\n<h2 class=\"wp-block-heading\">\u00dcber Manuel Ammann<\/h2>\n\n\n\n<p>Manuel Ammann ist Professor f\u00fcr Finanzen und Rektor der Universit\u00e4t St.Gallen (HSG)<\/p>\n\n\n\n<p>Davor war Manuel Ammann Dekan der School of Finance, Direktor am Schweizerischen Institut f\u00fcr Banken und Finanzen, akademischer Direktor des HSG Masterprogramms in Banken und Finanzen sowie Pr\u00e4sident und Mitglied verschiedener Universit\u00e4tsinstitute.<\/p>\n\n\n\n<p>Manuel Ammann war auch Verwaltungsratspr\u00e4sident und Verwaltungsrat von Banken und anderen Unternehmen. Diese Mandate legte er im Rahmen seines Amtsantritts als Rektor der HSG nieder.<\/p>\n\n\n\n<p>Seine Forschungsinteressen liegen in den Gebieten Derivate, Asset Management, Finanzm\u00e4rkte und Risikomanagement.<\/p>\n\n\n\n<p>In der Vergangenheit war Manuel Ammann u.a. Gastprofessor an der New York University und der University of California in Berkeley. Er promovierte an der Universit\u00e4t St.Gallen schloss ein Studium in Informatik an der Simon Fraser University in Kanada mit einem Master of Science ab.<\/p>\n\n\n\n<h2 class=\"wp-block-heading\">Kontakt<\/h2>\n\n\n\n<p><em>Prof. Dr. Manuel Ammann<br>Rektorat<br>Universit\u00e4t St. Gallen<br>Dufourstrasse 48, 9000 St.Gallen<br>Schweiz<\/em><\/p>\n\n\n\n<p>Tel.: +41-71-224-2209<br>E-Mail: manuel <em>punkt <\/em>ammann <em>at <\/em>unisg <em>punkt <\/em>ch<\/p>\n\n\n\n<figure class=\"wp-block-gallery has-nested-images columns-default is-cropped wp-block-gallery-1 is-layout-flex wp-block-gallery-is-layout-flex\">\n<figure class=\"wp-block-image size-large\"><img loading=\"lazy\" decoding=\"async\" width=\"1024\" height=\"683\" data-id=\"504\" src=\"http:\/\/manuelammann.ch\/wp-content\/uploads\/2020\/06\/home1-1024x683.jpg\" alt=\"\" class=\"wp-image-504\" srcset=\"http:\/\/manuelammann.ch\/wp-content\/uploads\/2020\/06\/home1-1024x683.jpg 1024w, http:\/\/manuelammann.ch\/wp-content\/uploads\/2020\/06\/home1-300x200.jpg 300w, http:\/\/manuelammann.ch\/wp-content\/uploads\/2020\/06\/home1-768x512.jpg 768w, http:\/\/manuelammann.ch\/wp-content\/uploads\/2020\/06\/home1-1536x1024.jpg 1536w, http:\/\/manuelammann.ch\/wp-content\/uploads\/2020\/06\/home1-2048x1365.jpg 2048w\" sizes=\"(max-width: 1024px) 100vw, 1024px\" \/><\/figure>\n\n\n\n<figure class=\"wp-block-image size-large\"><img loading=\"lazy\" decoding=\"async\" width=\"1024\" height=\"683\" data-id=\"502\" src=\"http:\/\/manuelammann.ch\/wp-content\/uploads\/2020\/06\/home3-1024x683.jpg\" alt=\"\" class=\"wp-image-502\" srcset=\"http:\/\/manuelammann.ch\/wp-content\/uploads\/2020\/06\/home3-1024x683.jpg 1024w, http:\/\/manuelammann.ch\/wp-content\/uploads\/2020\/06\/home3-300x200.jpg 300w, http:\/\/manuelammann.ch\/wp-content\/uploads\/2020\/06\/home3-768x512.jpg 768w, http:\/\/manuelammann.ch\/wp-content\/uploads\/2020\/06\/home3-1536x1024.jpg 1536w, http:\/\/manuelammann.ch\/wp-content\/uploads\/2020\/06\/home3-2048x1365.jpg 2048w\" sizes=\"(max-width: 1024px) 100vw, 1024px\" \/><\/figure>\n<\/figure>","protected":false},"excerpt":{"rendered":"<p>About Manuel Ammann Manuel Ammann is Professor of Finance and President of the University of St. Gallen (HSG), Previously, he served as Dean of the&#8230;<\/p>\n<div class=\"more-link-wrapper\"><a class=\"more-link\" href=\"http:\/\/manuelammann.ch\/de\/\">Continue Reading<span class=\"screen-reader-text\">Home<\/span><\/a><\/div>","protected":false},"author":1,"featured_media":0,"parent":0,"menu_order":0,"comment_status":"closed","ping_status":"closed","template":"","meta":{"_uag_custom_page_level_css":"","_lmt_disableupdate":"no","_lmt_disable":"","footnotes":""},"uagb_featured_image_src":{"full":false,"thumbnail":false,"medium":false,"medium_large":false,"large":false,"1536x1536":false,"2048x2048":false,"trp-custom-language-flag":false},"uagb_author_info":{"display_name":"Manuel Ammann","author_link":"http:\/\/manuelammann.ch\/de\/author\/mammann\/"},"uagb_comment_info":0,"uagb_excerpt":"About Manuel Ammann Manuel Ammann is Professor of Finance and President of the University of St. Gallen (HSG), Previously, he served as Dean of the&#8230;Continue ReadingHome","yoast_head":"<!-- This site is optimized with the Yoast SEO plugin v15.7 - https:\/\/yoast.com\/wordpress\/plugins\/seo\/ -->\n<title>Homepage Prof. Manuel Ammann &ndash; Universit\u00e4t St. Gallen<\/title>\n<meta name=\"description\" content=\"Professor f\u00fcr Finanzen an der Universit\u00e4t St. Gallen, Direktor am Schweizerischen Institut f\u00fcr Banken und Finanzen, Akademischer Direktor des MBF.\" \/>\n<meta name=\"robots\" content=\"index, follow, max-snippet:-1, max-image-preview:large, max-video-preview:-1\" \/>\n<link rel=\"canonical\" href=\"http:\/\/manuelammann.ch\/de\/\" \/>\n<meta property=\"og:locale\" content=\"de_DE\" \/>\n<meta property=\"og:type\" content=\"article\" \/>\n<meta property=\"og:title\" content=\"Homepage Prof. Manuel Ammann &ndash; Universit\u00e4t St. Gallen\" \/>\n<meta property=\"og:description\" content=\"Professor f\u00fcr Finanzen an der Universit\u00e4t St. Gallen, Direktor am Schweizerischen Institut f\u00fcr Banken und Finanzen, Akademischer Direktor des MBF.\" \/>\n<meta property=\"og:url\" content=\"http:\/\/manuelammann.ch\/de\/\" \/>\n<meta property=\"og:site_name\" content=\"Manuel Ammann\" \/>\n<meta property=\"article:modified_time\" content=\"2024-04-28T17:41:21+00:00\" \/>\n<meta property=\"og:image\" content=\"http:\/\/manuelammann.ch\/wp-content\/uploads\/2021\/02\/MA_Smooth.png\" \/>\n<meta name=\"twitter:card\" content=\"summary_large_image\" \/>\n<meta name=\"twitter:label1\" content=\"Est. reading time\">\n\t<meta name=\"twitter:data1\" content=\"2 Minuten\">\n<script type=\"application\/ld+json\" class=\"yoast-schema-graph\">{\"@context\":\"https:\/\/schema.org\",\"@graph\":[{\"@type\":[\"Person\",\"Organization\"],\"@id\":\"http:\/\/manuelammann.ch\/#\/schema\/person\/b0c9ed93aaef8995e6b4e07ea1553c63\",\"name\":\"Manuel Ammann\",\"image\":{\"@type\":\"ImageObject\",\"@id\":\"http:\/\/manuelammann.ch\/#personlogo\",\"inLanguage\":\"de-CH\",\"url\":\"http:\/\/2.gravatar.com\/avatar\/2f12b3134a404751af7860a437fde880?s=96&d=mm&r=g\",\"caption\":\"Manuel Ammann\"},\"logo\":{\"@id\":\"http:\/\/manuelammann.ch\/#personlogo\"},\"sameAs\":[\"http:\/\/manuelammann.ch\",\"https:\/\/de.wikipedia.org\/wiki\/Manuel_Ammann\"]},{\"@type\":\"WebSite\",\"@id\":\"http:\/\/manuelammann.ch\/#website\",\"url\":\"http:\/\/manuelammann.ch\/\",\"name\":\"Manuel Ammann\",\"description\":\"Professor of Finance | University of St. Gallen\",\"publisher\":{\"@id\":\"http:\/\/manuelammann.ch\/#\/schema\/person\/b0c9ed93aaef8995e6b4e07ea1553c63\"},\"potentialAction\":[{\"@type\":\"SearchAction\",\"target\":\"http:\/\/manuelammann.ch\/?s={search_term_string}\",\"query-input\":\"required name=search_term_string\"}],\"inLanguage\":\"de-CH\"},{\"@type\":\"ImageObject\",\"@id\":\"http:\/\/manuelammann.ch\/#primaryimage\",\"inLanguage\":\"de-CH\",\"url\":\"http:\/\/manuelammann.ch\/wp-content\/uploads\/2021\/02\/MA_Smooth.png\",\"width\":300,\"height\":325},{\"@type\":\"WebPage\",\"@id\":\"http:\/\/manuelammann.ch\/#webpage\",\"url\":\"http:\/\/manuelammann.ch\/\",\"name\":\"Homepage Prof. Manuel Ammann &ndash; Universit\\u00e4t St. Gallen\",\"isPartOf\":{\"@id\":\"http:\/\/manuelammann.ch\/#website\"},\"primaryImageOfPage\":{\"@id\":\"http:\/\/manuelammann.ch\/#primaryimage\"},\"datePublished\":\"2020-01-14T02:34:18+00:00\",\"dateModified\":\"2024-04-28T17:41:21+00:00\",\"description\":\"Professor f\\u00fcr Finanzen an der Universit\\u00e4t St. Gallen, Direktor am Schweizerischen Institut f\\u00fcr Banken und Finanzen, Akademischer Direktor des MBF.\",\"inLanguage\":\"de-CH\",\"potentialAction\":[{\"@type\":\"ReadAction\",\"target\":[\"http:\/\/manuelammann.ch\/\"]}]}]}<\/script>\n<!-- \/ Yoast SEO plugin. -->","_links":{"self":[{"href":"http:\/\/manuelammann.ch\/de\/wp-json\/wp\/v2\/pages\/22"}],"collection":[{"href":"http:\/\/manuelammann.ch\/de\/wp-json\/wp\/v2\/pages"}],"about":[{"href":"http:\/\/manuelammann.ch\/de\/wp-json\/wp\/v2\/types\/page"}],"author":[{"embeddable":true,"href":"http:\/\/manuelammann.ch\/de\/wp-json\/wp\/v2\/users\/1"}],"replies":[{"embeddable":true,"href":"http:\/\/manuelammann.ch\/de\/wp-json\/wp\/v2\/comments?post=22"}],"version-history":[{"count":138,"href":"http:\/\/manuelammann.ch\/de\/wp-json\/wp\/v2\/pages\/22\/revisions"}],"predecessor-version":[{"id":731,"href":"http:\/\/manuelammann.ch\/de\/wp-json\/wp\/v2\/pages\/22\/revisions\/731"}],"wp:attachment":[{"href":"http:\/\/manuelammann.ch\/de\/wp-json\/wp\/v2\/media?parent=22"}],"curies":[{"name":"wp","href":"https:\/\/api.w.org\/{rel}","templated":true}]}}